{"id":38,"date":"2023-09-24T05:51:03","date_gmt":"2023-09-24T05:51:03","guid":{"rendered":"https:\/\/themeholy.com\/wordpress\/artraz\/?page_id=38"},"modified":"2025-08-04T18:20:15","modified_gmt":"2025-08-04T15:20:15","slug":"services","status":"publish","type":"page","link":"https:\/\/kaunis-talo.fi\/en\/services\/","title":{"rendered":"Services"},"content":{"rendered":"<div data-elementor-type=\"wp-page\" data-elementor-id=\"38\" class=\"elementor elementor-38\">\n\t\t\t\t<div class=\"elementor-element elementor-element-06d82cf animated-slow e-flex e-con-boxed elementor-invisible e-con e-parent\" data-id=\"06d82cf\" data-element_type=\"container\" data-settings=\"{&quot;animation&quot;:&quot;slideInUp&quot;,&quot;background_background&quot;:&quot;classic&quot;}\">\n\t\t\t\t\t<div class=\"e-con-inner\">\n\t\t\t\t<div class=\"elementor-element elementor-element-76cb382 elementor-widget elementor-widget-artrazservice\" data-id=\"76cb382\" data-element_type=\"widget\" data-widget_type=\"artrazservice.default\">\n\t\t\t\t<div class=\"elementor-widget-container\">\n\t\t\t\n        \t\t\t\t\t\t\t<div class=\"row gy-4\">\n\t\t\t\t\t\t\t\t\t\t\t<div class=\"col-md-6 col-lg-4\">\n\t\t\t\t\t<div class=\"service-card\">\n\t\t\t\t\t\t<div class=\"service-card_icon\">\n\t\t\t\t\t\t\t<img decoding=\"async\" src=\"https:\/\/kaunis-talo.fi\/wp-content\/uploads\/2024\/10\/3d-rendering-minimalist-interior-with-copy-space-.jpg\" alt=\"3d rendering minimalist interior with copy space \"  class=\"svg-img\" \/>\t\t\t\t\t\t<\/div>\n\t\t\t\t\t\t\t\t\t\t\t\t<h3 class=\"service-card_title\">Directly on the walls<\/h3>\n\t\t\t\t\t\t<p class=\"service-card_text\">We implement patina art directly on your wall.<\/p>\n\t\t\t\t\t<\/div>\n\t\t\t\t<\/div>\n\t\t\t\t\t\t\t\t<div class=\"col-md-6 col-lg-4\">\n\t\t\t\t\t<div class=\"service-card\">\n\t\t\t\t\t\t<div class=\"service-card_icon\">\n\t\t\t\t\t\t\t<img decoding=\"async\" src=\"https:\/\/kaunis-talo.fi\/wp-content\/uploads\/2024\/10\/3d-rendering-minimalist-interior-with-copy-space-1-.jpg\" alt=\"3d rendering minimalist interior with copy space 1 \"  class=\"svg-img\" \/>\t\t\t\t\t\t<\/div>\n\t\t\t\t\t\t\t\t\t\t\t\t<h3 class=\"service-card_title\">Frame on the wall<\/h3>\n\t\t\t\t\t\t<p class=\"service-card_text\">We also implement patina art with a frame on your wall.<\/p>\n\t\t\t\t\t<\/div>\n\t\t\t\t<\/div>\n\t\t\t\t\t\t\t\t<div class=\"col-md-6 col-lg-4\">\n\t\t\t\t\t<div class=\"service-card\">\n\t\t\t\t\t\t<div class=\"service-card_icon\">\n\t\t\t\t\t\t\t<img decoding=\"async\" src=\"https:\/\/kaunis-talo.fi\/wp-content\/uploads\/2024\/10\/3d-rendering-minimalist-interior-with-copy-space-3-.jpg\" alt=\"3d rendering minimalist interior with copy space 3 \"  class=\"svg-img\" \/>\t\t\t\t\t\t<\/div>\n\t\t\t\t\t\t\t\t\t\t\t\t<h3 class=\"service-card_title\">On the canvas<\/h3>\n\t\t\t\t\t\t<p class=\"service-card_text\">We also make patina art on canvas. This space can be suitable for home decoration and it is placed like a work of art inside a frame on the wall of your house, hotel, workplace.<\/p>\n\t\t\t\t\t<\/div>\n\t\t\t\t<\/div>\n\t\t\t\t\t\t\t<\/div>\n\n      \t\t<\/div>\n\t\t\t\t<\/div>\n\t\t\t\t\t<\/div>\n\t\t\t\t<\/div>\n\t\t\t\t<\/div>","protected":false},"excerpt":{"rendered":"<p>seinill\u00e4 Toteutamme patinataidetta suoraan sein\u00e4llesi. Kehys sein\u00e4\u00e4n Toteutamme my\u00f6s patinataidetta kehyksen kanssa sein\u00e4llesi. kankaalle Teemme my\u00f6s patinataidetta kankaalle. T\u00e4m\u00e4 tila voi sopia kodin sisustamiseen ja se sijoitetaan kuin taideteos kehyksen sis\u00e4\u00e4n talosi, hotellisi, ty\u00f6paikkasi sein\u00e4lle.<\/p>","protected":false},"author":3,"featured_media":0,"parent":0,"menu_order":0,"comment_status":"closed","ping_status":"closed","template":"template-builder.php","meta":{"footnotes":""},"class_list":["post-38","page","type-page","status-publish","hentry"],"_links":{"self":[{"href":"https:\/\/kaunis-talo.fi\/en\/wp-json\/wp\/v2\/pages\/38","targetHints":{"allow":["GET"]}}],"collection":[{"href":"https:\/\/kaunis-talo.fi\/en\/wp-json\/wp\/v2\/pages"}],"about":[{"href":"https:\/\/kaunis-talo.fi\/en\/wp-json\/wp\/v2\/types\/page"}],"author":[{"embeddable":true,"href":"https:\/\/kaunis-talo.fi\/en\/wp-json\/wp\/v2\/users\/3"}],"replies":[{"embeddable":true,"href":"https:\/\/kaunis-talo.fi\/en\/wp-json\/wp\/v2\/comments?post=38"}],"version-history":[{"count":48,"href":"https:\/\/kaunis-talo.fi\/en\/wp-json\/wp\/v2\/pages\/38\/revisions"}],"predecessor-version":[{"id":5047,"href":"https:\/\/kaunis-talo.fi\/en\/wp-json\/wp\/v2\/pages\/38\/revisions\/5047"}],"wp:attachment":[{"href":"https:\/\/kaunis-talo.fi\/en\/wp-json\/wp\/v2\/media?parent=38"}],"curies":[{"name":"wp","href":"https:\/\/api.w.org\/{rel}","templated":true}]}}