{"id":25,"date":"2023-09-24T05:50:07","date_gmt":"2023-09-24T05:50:07","guid":{"rendered":"https:\/\/themeholy.com\/wordpress\/artraz\/?page_id=25"},"modified":"2025-08-04T18:17:29","modified_gmt":"2025-08-04T15:17:29","slug":"home-page","status":"publish","type":"page","link":"https:\/\/kaunis-talo.fi\/en\/","title":{"rendered":""},"content":{"rendered":"<div data-elementor-type=\"wp-page\" data-elementor-id=\"25\" class=\"elementor elementor-25\">\n\t\t\t\t<div class=\"elementor-element elementor-element-180df99 e-con-full e-flex e-con e-parent\" data-id=\"180df99\" data-element_type=\"container\">\n\t\t\t\t<div class=\"elementor-element elementor-element-0022c4a elementor-widget elementor-widget-artrazbanner\" data-id=\"0022c4a\" data-element_type=\"widget\" data-widget_type=\"artrazbanner.default\">\n\t\t\t\t<div class=\"elementor-widget-container\">\n\t\t\t\t    <div class=\"th-hero-wrapper container th-container2\">\n        <div class=\"hero-slider-3 th-carousel\" data-fade=\"true\" data-slide-show=\"1\">\n\t\t\t            <div class=\"th-hero-slide\">\n                <div class=\"th-hero-bg\" data-bg-src=\"https:\/\/kaunis-talo.fi\/wp-content\/uploads\/2024\/10\/main-banner.jpg\" data-overlay=\"black\" data-opacity=\"6\"><\/div>\n                <div class=\"container\">\n                    <div class=\"hero-style3\">\n\t\t\t\t\t\t\t\t\t\t\t\t                        \t<h1 class=\"hero-title e-title\" data-ani=\"slideinup\" data-ani-delay=\"0.3s\">Beauty<\/h1>\n\t\t\t\t\t\t\t\t\t\t\t\t                        \t<h1 class=\"hero-title e-title-2\" data-ani=\"slideinup\" data-ani-delay=\"0.5s\">That <span class=\"text-transparent\">takes time and captivates the eye<\/span><\/h1>\n\t\t\t\t\t\t\n                        <div class=\"hero-meta\" data-ani=\"slideinup\" data-ani-delay=\"0.7s\">\n\t\t\t\t\t\t\t                            \t<span class=\"meta-info\"><\/i>Finland, <span>Helsinki<\/span><\/span>\n\t\t\t\t\t\t\t\t\t\t\t\t\t\t                        <\/div>\n                    <\/div>\n                <\/div>\n            <\/div>\n\t\t\t        <\/div>\n    <\/div>\n    \t\t<\/div>\n\t\t\t\t<\/div>\n\t\t\t\t<\/div>\n\t\t<div class=\"elementor-element elementor-element-b3e4922 e-con-full e-flex e-con e-parent\" data-id=\"b3e4922\" data-element_type=\"container\" data-settings=\"{&quot;background_background&quot;:&quot;classic&quot;}\">\n\t\t<div class=\"elementor-element elementor-element-a6f2964 e-flex e-con-boxed e-con e-child\" data-id=\"a6f2964\" data-element_type=\"container\">\n\t\t\t\t\t<div class=\"e-con-inner\">\n\t\t<div class=\"elementor-element elementor-element-81bd642 e-con-full animated-slow e-flex elementor-invisible e-con e-child\" data-id=\"81bd642\" data-element_type=\"container\" data-settings=\"{&quot;animation&quot;:&quot;slideInUp&quot;,&quot;animation_delay&quot;:0}\">\n\t\t\t\t<div class=\"elementor-element elementor-element-a4cf090 elementor-widget elementor-widget-artrazimage\" data-id=\"a4cf090\" data-element_type=\"widget\" data-widget_type=\"artrazimage.default\">\n\t\t\t\t<div class=\"elementor-widget-container\">\n\t\t\t\n\t\t\t\t\t<div class=\"img-box3\">\n\t\t\t\t<div class=\"img1\">\n\t\t\t\t\t<img decoding=\"async\" src=\"https:\/\/kaunis-talo.fi\/wp-content\/uploads\/2025\/06\/s1.jpg\" alt=\"s1\"  \/>\t\t\t\t<\/div>\n\t\t\t\t<div class=\"img2\">\n\t\t\t\t\t<img decoding=\"async\" src=\"https:\/\/kaunis-talo.fi\/wp-content\/uploads\/2024\/10\/2.jpg\" alt=\"2\"  \/>\t\t\t\t<\/div>\n\t\t\t<\/div>\n\t\t\t\t<\/div>\n\t\t\t\t<\/div>\n\t\t\t\t<\/div>\n\t\t<div class=\"elementor-element elementor-element-12a8926 e-con-full animated-slow e-flex elementor-invisible e-con e-child\" data-id=\"12a8926\" data-element_type=\"container\" data-settings=\"{&quot;animation&quot;:&quot;slideInUp&quot;,&quot;animation_delay&quot;:0}\">\n\t\t\t\t<div class=\"elementor-element elementor-element-d88b00d elementor-widget elementor-widget-artrazsectiontitle\" data-id=\"d88b00d\" data-element_type=\"widget\" data-widget_type=\"artrazsectiontitle.default\">\n\t\t\t\t<div class=\"elementor-widget-container\">\n\t\t\t\t\t<div class=\"sec-title-area\">\n\n\t\t\t<h2 class=\"sec-title\">Patina art is <span> our specialty<\/span><\/h2>\t\t<\/div>\n\n\t\t\t<\/div>\n\t\t\t\t<\/div>\n\t\t\t\t<div class=\"elementor-element elementor-element-b20bdf2 elementor-widget elementor-widget-text-editor\" data-id=\"b20bdf2\" data-element_type=\"widget\" data-widget_type=\"text-editor.default\">\n\t\t\t\t<div class=\"elementor-widget-container\">\n\t\t\t\t\t\t\t<p><strong>The art of patination is our specialty.<\/strong> We bring character and unique beauty to any space by creating custom and exclusive finishes. Whether clients seek a classic, antique ambiance or prefer modern and artistic details, our craft can elevate the visual appeal of any interior project to the next level.<\/p><p>Our designs adapt to both modern and traditional styles, making them an excellent fit for the walls of homes, offices, and hotels, complementing a variety of interiors and tastes.<\/p><p>Every customer's wish is our primary goal. We listen carefully to our clients' visions and always strive to fulfill their desires perfectly, ensuring the result meets and exceeds their expectations.<\/p>\t\t\t\t\t\t<\/div>\n\t\t\t\t<\/div>\n\t\t\t\t<div class=\"elementor-element elementor-element-cf39076 elementor-widget elementor-widget-artrazbutton\" data-id=\"cf39076\" data-element_type=\"widget\" data-widget_type=\"artrazbutton.default\">\n\t\t\t\t<div class=\"elementor-widget-container\">\n\t\t\t<div class=\"btn-wrapper left\"><a class=\"link-btn e-btn\" href=\"https:\/\/kaunis-talo.fi\/en\/about\/\"><span class=\"line left\"><\/span>Learn about us<span class=\"line\"><\/span><\/a><\/div>\t\t<\/div>\n\t\t\t\t<\/div>\n\t\t\t\t<\/div>\n\t\t\t\t\t<\/div>\n\t\t\t\t<\/div>\n\t\t\t\t<\/div>\n\t\t<div class=\"elementor-element elementor-element-64421dd animated-slow e-flex e-con-boxed elementor-invisible e-con e-parent\" data-id=\"64421dd\" data-element_type=\"container\" data-settings=\"{&quot;animation&quot;:&quot;slideInUp&quot;,&quot;background_background&quot;:&quot;classic&quot;}\">\n\t\t\t\t\t<div class=\"e-con-inner\">\n\t\t<div class=\"elementor-element elementor-element-0bb8350 e-con-full e-flex e-con e-child\" data-id=\"0bb8350\" data-element_type=\"container\">\n\t\t\t\t<div class=\"elementor-element elementor-element-24e2c4b elementor-widget elementor-widget-artrazsectiontitle\" data-id=\"24e2c4b\" data-element_type=\"widget\" data-widget_type=\"artrazsectiontitle.default\">\n\t\t\t\t<div class=\"elementor-widget-container\">\n\t\t\t\t\t<div class=\"title-area sec-title-area\">\n\n\t\t\t<h4 class=\"sec-title\">Image Gallery\n <span class=\"text-transparent\"><\/span><\/h4>\t\t<\/div>\n\n\t\t\t<\/div>\n\t\t\t\t<\/div>\n\t\t\t\t<\/div>\n\t\t\t\t<div class=\"elementor-element elementor-element-d6d8a3e elementor-widget elementor-widget-artrazprojects\" data-id=\"d6d8a3e\" data-element_type=\"widget\" data-widget_type=\"artrazprojects.default\">\n\t\t\t\t<div class=\"elementor-widget-container\">\n\t\t\t                    <div class=\"row project-slide2 th-carousel\" data-slide-show=\"2\" id=\"project-slide2\">\n                                <div class=\"col-xxl-auto col-md-6\">\n                    <div class=\"project-box\">\n                        <div class=\"project-img\">\n                            <img decoding=\"async\" src=\"https:\/\/kaunis-talo.fi\/wp-content\/uploads\/2024\/10\/Hotel-mockup.jpg\" alt=\"Patina art for Hotel wall\"  \/>                        <\/div>\n                        <div class=\"project-content\">\n                                                        <h3 class=\"h5 project-title\"><a href=\"https:\/\/kaunis-talo.fi\/en\/project-details\/\">In Hotels<\/a><\/h3>\n                            <p class=\"project-map\"><\/p>\n                        <\/div>\n                    <\/div>\n                <\/div>\n                                <div class=\"col-xxl-auto col-md-6\">\n                    <div class=\"project-box\">\n                        <div class=\"project-img\">\n                            <img decoding=\"async\" src=\"https:\/\/kaunis-talo.fi\/wp-content\/uploads\/2024\/10\/main-banner.jpg\" alt=\"main banner\"  \/>                        <\/div>\n                        <div class=\"project-content\">\n                                                        <h3 class=\"h5 project-title\"><a href=\"https:\/\/kaunis-talo.fi\/en\/project-details\/\">In Apartments<\/a><\/h3>\n                            <p class=\"project-map\"><\/p>\n                        <\/div>\n                    <\/div>\n                <\/div>\n                                <div class=\"col-xxl-auto col-md-6\">\n                    <div class=\"project-box\">\n                        <div class=\"project-img\">\n                            <img decoding=\"async\" src=\"https:\/\/kaunis-talo.fi\/wp-content\/uploads\/2024\/10\/office-mockup.jpg\" alt=\"Patina art for office wall\"  \/>                        <\/div>\n                        <div class=\"project-content\">\n                                                        <h3 class=\"h5 project-title\"><a href=\"https:\/\/kaunis-talo.fi\/en\/project-details\/\">In offices<\/a><\/h3>\n                            <p class=\"project-map\"><\/p>\n                        <\/div>\n                    <\/div>\n                <\/div>\n                            <\/div>\n\n        \t\t<\/div>\n\t\t\t\t<\/div>\n\t\t\t\t<div class=\"elementor-element elementor-element-cf1a177 elementor-widget elementor-widget-artrazbutton\" data-id=\"cf1a177\" data-element_type=\"widget\" data-widget_type=\"artrazbutton.default\">\n\t\t\t\t<div class=\"elementor-widget-container\">\n\t\t\t<div class=\"btn-wrapper right\"><a class=\"link-btn e-btn\" href=\"https:\/\/kaunis-talo.fi\/en\/project\/\"><span class=\"line left\"><\/span>Find out more<span class=\"line\"><\/span><\/a><\/div>\t\t<\/div>\n\t\t\t\t<\/div>\n\t\t\t\t\t<\/div>\n\t\t\t\t<\/div>\n\t\t<div class=\"elementor-element elementor-element-73b3b85 animated-slow e-flex e-con-boxed elementor-invisible e-con e-parent\" data-id=\"73b3b85\" data-element_type=\"container\" data-settings=\"{&quot;animation&quot;:&quot;slideInUp&quot;,&quot;background_background&quot;:&quot;classic&quot;}\">\n\t\t\t\t\t<div class=\"e-con-inner\">\n\t\t<div class=\"elementor-element elementor-element-693e458 e-con-full e-flex e-con e-child\" data-id=\"693e458\" data-element_type=\"container\">\n\t\t\t\t<div class=\"elementor-element elementor-element-53eb7c9 elementor-widget__width-initial elementor-widget elementor-widget-artrazsectiontitle\" data-id=\"53eb7c9\" data-element_type=\"widget\" data-widget_type=\"artrazsectiontitle.default\">\n\t\t\t\t<div class=\"elementor-widget-container\">\n\t\t\t\t\t<div class=\"sec-title-area\">\n\n\t\t\t<h4 class=\"sec-title\"> <span class=\"text-theme\"><\/span><br>\nOur Services<\/h4>\t\t<\/div>\n\n\t\t\t<\/div>\n\t\t\t\t<\/div>\n\t\t\t\t<div class=\"elementor-element elementor-element-f938618 elementor-widget elementor-widget-artrazbutton\" data-id=\"f938618\" data-element_type=\"widget\" data-widget_type=\"artrazbutton.default\">\n\t\t\t\t<div class=\"elementor-widget-container\">\n\t\t\t<div class=\"btn-wrapper left\"><a class=\"link-btn e-btn\" href=\"https:\/\/kaunis-talo.fi\/en\/services\/\"><span class=\"line left\"><\/span>See all services<span class=\"line\"><\/span><\/a><\/div>\t\t<\/div>\n\t\t\t\t<\/div>\n\t\t\t\t<\/div>\n\t\t\t\t<div class=\"elementor-element elementor-element-b03a979 elementor-widget elementor-widget-artrazservice\" data-id=\"b03a979\" data-element_type=\"widget\" data-widget_type=\"artrazservice.default\">\n\t\t\t\t<div class=\"elementor-widget-container\">\n\t\t\t\n        <div class=\"service-box-wrap wow fadeInUp\" data-wow-delay=\"0.2s\"><div class=\"service-box hover-item\" data-bg-src=\"https:\/\/kaunis-talo.fi\/wp-content\/uploads\/2024\/10\/6025866677549385692.jpg\"><div class=\"service-title-wrap\"><h3 class=\"service-box_title\"><a href=\"#\">In homes<\/a><\/h3><\/div><p class=\"service-box_text\">In homes, art surfaces shine best on large main walls, TV walls, or selected bedroom surfaces\u2014precisely where they capture attention and make the space unique. Every detail is crafted according to the client's wishes, creating a personal and timelessly beautiful atmosphere in homes.<\/p><a href=\"#\" class=\"th-btn style2\"><span class=\"line left\"><\/span>Learn more<span class=\"line\"><\/span><\/a><\/div><div class=\"service-box hover-item  item-active\" data-bg-src=\"https:\/\/kaunis-talo.fi\/wp-content\/uploads\/2024\/10\/6025866677549385694-e1728902548736.jpg\"><div class=\"service-title-wrap\"><h3 class=\"service-box_title\"><a href=\"#\">In Offices<\/a><\/h3><\/div><p class=\"service-box_text\">In offices, patina art is often subtly and elegantly applied in the lobby, as it provides clients with their first impression of the space, where visual impact plays a significant role. For meeting rooms, we typically create more striking and eye-catching surfaces to enhance the space's impact. If desired, we can also incorporate the organization's logo in embossed form, harmonized with brand colors, creating a design that truly reflects your company\u2019s identity and values.<\/p><a href=\"#\" class=\"th-btn style2\"><span class=\"line left\"><\/span>Learn more<span class=\"line\"><\/span><\/a><\/div><div class=\"service-box hover-item\" data-bg-src=\"https:\/\/kaunis-talo.fi\/wp-content\/uploads\/2024\/10\/6025866677549385685-e1728902476121.jpg\"><div class=\"service-title-wrap\"><h3 class=\"service-box_title\"><a href=\"#\">In Hotels<\/a><\/h3><\/div><p class=\"service-box_text\">Patina art in hotel spaces serves as a particularly impactful eye-catcher\u2014our designs bring unique beauty to the surroundings, enchanting guests and leaving a lasting impression. Each patinated surface creates a distinctive, unforgettable atmosphere for the hotel, making a memorable impact at first glance.<\/p><a href=\"#\" class=\"th-btn style2\"><span class=\"line left\"><\/span>Learn more<span class=\"line\"><\/span><\/a><\/div><\/div>\t\t<\/div>\n\t\t\t\t<\/div>\n\t\t\t\t<div class=\"elementor-element elementor-element-f297ed3 elementor-widget__width-initial elementor-widget elementor-widget-wpforms\" data-id=\"f297ed3\" data-element_type=\"widget\" data-widget_type=\"wpforms.default\">\n\t\t\t\t<div class=\"elementor-widget-container\">\n\t\t\t<style id=\"wpforms-css-vars-root\">\n\t\t\t\t:root {\n\t\t\t\t\t--wpforms-field-border-radius: 3px;\n--wpforms-field-border-style: solid;\n--wpforms-field-border-size: 1px;\n--wpforms-field-background-color: #ffffff;\n--wpforms-field-border-color: rgba( 0, 0, 0, 0.25 );\n--wpforms-field-border-color-spare: rgba( 0, 0, 0, 0.25 );\n--wpforms-field-text-color: rgba( 0, 0, 0, 0.7 );\n--wpforms-field-menu-color: #ffffff;\n--wpforms-label-color: rgba( 0, 0, 0, 0.85 );\n--wpforms-label-sublabel-color: rgba( 0, 0, 0, 0.55 );\n--wpforms-label-error-color: #d63637;\n--wpforms-button-border-radius: 3px;\n--wpforms-button-border-style: none;\n--wpforms-button-border-size: 1px;\n--wpforms-button-background-color: #066aab;\n--wpforms-button-border-color: #066aab;\n--wpforms-button-text-color: #ffffff;\n--wpforms-page-break-color: #066aab;\n--wpforms-background-image: none;\n--wpforms-background-position: center center;\n--wpforms-background-repeat: no-repeat;\n--wpforms-background-size: cover;\n--wpforms-background-width: 100px;\n--wpforms-background-height: 100px;\n--wpforms-background-color: rgba( 0, 0, 0, 0 );\n--wpforms-background-url: none;\n--wpforms-container-padding: 0px;\n--wpforms-container-border-style: none;\n--wpforms-container-border-width: 1px;\n--wpforms-container-border-color: #000000;\n--wpforms-container-border-radius: 3px;\n--wpforms-field-size-input-height: 43px;\n--wpforms-field-size-input-spacing: 15px;\n--wpforms-field-size-font-size: 16px;\n--wpforms-field-size-line-height: 19px;\n--wpforms-field-size-padding-h: 14px;\n--wpforms-field-size-checkbox-size: 16px;\n--wpforms-field-size-sublabel-spacing: 5px;\n--wpforms-field-size-icon-size: 1;\n--wpforms-label-size-font-size: 16px;\n--wpforms-label-size-line-height: 19px;\n--wpforms-label-size-sublabel-font-size: 14px;\n--wpforms-label-size-sublabel-line-height: 17px;\n--wpforms-button-size-font-size: 17px;\n--wpforms-button-size-height: 41px;\n--wpforms-button-size-padding-h: 15px;\n--wpforms-button-size-margin-top: 10px;\n--wpforms-container-shadow-size-box-shadow: none;\n\n\t\t\t\t}\n\t\t\t<\/style><style id=\"wpforms-css-vars-elementor-widget-f297ed3\">\n\t\t\t\t.elementor-widget-wpforms.elementor-element-f297ed3 {\n\t\t\t\t\t--wpforms-label-color: #007CA4;\n--wpforms-label-sublabel-color: #007CA4;\n--wpforms-button-background-color: #007CA4;\n--wpforms-button-text-color: #FFFFFF;\n--wpforms-field-background-color: #FFFFFF;\n--wpforms-field-text-color: #000000B3;\n--wpforms-field-size-input-height: 43px;\n--wpforms-field-size-input-spacing: 15px;\n--wpforms-field-size-font-size: 16px;\n--wpforms-field-size-line-height: 19px;\n--wpforms-field-size-padding-h: 14px;\n--wpforms-field-size-checkbox-size: 16px;\n--wpforms-field-size-sublabel-spacing: 5px;\n--wpforms-field-size-icon-size: 1;\n--wpforms-label-size-font-size: 16px;\n--wpforms-label-size-line-height: 19px;\n--wpforms-label-size-sublabel-font-size: 14px;\n--wpforms-label-size-sublabel-line-height: 17px;\n--wpforms-button-size-font-size: 17px;\n--wpforms-button-size-height: 41px;\n--wpforms-button-size-padding-h: 15px;\n--wpforms-button-size-margin-top: 10px;\n\n\t\t\t\t}\n\t\t\t<\/style><div class=\"wpforms-container wpforms-container-full wpforms-render-modern\" id=\"wpforms-4357\"><form id=\"wpforms-form-4357\" class=\"wpforms-validate wpforms-form wpforms-ajax-form\" data-formid=\"4357\" method=\"post\" enctype=\"multipart\/form-data\" action=\"\/wp-json\/wp\/v2\/pages\/25\" data-token=\"822f2fbd03df1f464fc7cb53511c36b2\" data-token-time=\"1778088302\" data-trp-original-action=\"\/en\/wp-json\/wp\/v2\/pages\/25\"><div class=\"wpforms-head-container\"><div class=\"wpforms-title\">Contact us<\/div><\/div><noscript class=\"wpforms-error-noscript\">Please enable JavaScript in your browser to complete this form.<\/noscript><div class=\"wpforms-hidden\" id=\"wpforms-error-noscript\">Please enable JavaScript in your browser to complete this form.<\/div><div class=\"wpforms-field-container\"><div id=\"wpforms-4357-field_0-container\" class=\"wpforms-field wpforms-field-name\" data-field-id=\"0\"><label class=\"wpforms-field-label\" for=\"wpforms-4357-field_0\">Full Name <span class=\"wpforms-required-label\" aria-hidden=\"true\">*<\/span><\/label><input type=\"text\" id=\"wpforms-4357-field_0\" class=\"wpforms-field-medium wpforms-field-required\" name=\"wpforms[fields][0]\" aria-errormessage=\"wpforms-4357-field_0-error\" required><\/div><div id=\"wpforms-4357-field_1-container\" class=\"wpforms-field wpforms-field-email\" data-field-id=\"1\"><label class=\"wpforms-field-label\" for=\"wpforms-4357-field_1\">Email Address <span class=\"wpforms-required-label\" aria-hidden=\"true\">*<\/span><\/label><input type=\"email\" id=\"wpforms-4357-field_1\" class=\"wpforms-field-medium wpforms-field-required\" name=\"wpforms[fields][1]\" spellcheck=\"false\" aria-errormessage=\"wpforms-4357-field_1-error\" required><\/div><div id=\"wpforms-4357-field_4-container\" class=\"wpforms-field wpforms-field-number\" data-field-id=\"4\"><label class=\"wpforms-field-label\" for=\"wpforms-4357-field_4\">Phone Number<\/label><input type=\"number\" id=\"wpforms-4357-field_4\" class=\"wpforms-field-medium\" name=\"wpforms[fields][4]\" aria-errormessage=\"wpforms-4357-field_4-error\" ><\/div><div id=\"wpforms-4357-field_2-container\" class=\"wpforms-field wpforms-field-textarea\" data-field-id=\"2\"><label class=\"wpforms-field-label\" for=\"wpforms-4357-field_2\">Message<\/label><textarea id=\"wpforms-4357-field_2\" class=\"wpforms-field-medium\" name=\"wpforms[fields][2]\" aria-errormessage=\"wpforms-4357-field_2-error\" ><\/textarea><\/div><\/div><!-- .wpforms-field-container --><div class=\"wpforms-submit-container\" ><input type=\"hidden\" name=\"wpforms[id]\" value=\"4357\"><input type=\"hidden\" name=\"page_title\" value=\"\"><input type=\"hidden\" name=\"page_url\" value=\"https:\/\/kaunis-talo.fi\/en\/wp-json\/wp\/v2\/pages\/25\"><button type=\"submit\" name=\"wpforms[submit]\" id=\"wpforms-submit-4357\" class=\"wpforms-submit\" data-alt-text=\"L\u00e4hetet\u00e4\u00e4n...\" data-submit-text=\"L\u00e4het\u00e4\" aria-live=\"assertive\" value=\"wpforms-submit\">Send<\/button><img decoding=\"async\" src=\"https:\/\/kaunis-talo.fi\/wp-content\/plugins\/wpforms-lite\/assets\/images\/submit-spin.svg\" class=\"wpforms-submit-spinner\" style=\"display: none;\" width=\"26\" height=\"26\" alt=\"Loading\"><\/div><input type=\"hidden\" name=\"trp-form-language\" value=\"en\"\/><\/form><\/div>  <!-- .wpforms-container -->\t\t<\/div>\n\t\t\t\t<\/div>\n\t\t\t\t\t<\/div>\n\t\t\t\t<\/div>\n\t\t\t\t<\/div>","protected":false},"excerpt":{"rendered":"<p>Kauneutta joka kest\u00e4\u00e4 aikaa ja katseita Finland, Helsinki Patinointitaide on erikoisalaamme Patinointitaide on erikoisalaamme. Luomme ainutlaatuisia ja r\u00e4\u00e4t\u00e4l\u00f6ityj\u00e4 pintoja, jotka tuovat jokaiseen tilaan persoonallisuutta ja erityist\u00e4 kauneutta. Etsiv\u00e4tp\u00e4 asiakkaamme sitten klassista ja antiikkista tunnelmaa tai modernia ja taiteellista ilmett\u00e4, taiteemme voi kohottaa mink\u00e4 tahansa sisustusprojektin visuaalisen vetovoiman uudelle tasolle. Suunnittelumme mukautuu sek\u00e4 moderneihin ett\u00e4 perinteisiin&#8230;<\/p>","protected":false},"author":3,"featured_media":0,"parent":0,"menu_order":0,"comment_status":"closed","ping_status":"closed","template":"template-builder.php","meta":{"footnotes":""},"class_list":["post-25","page","type-page","status-publish","hentry"],"_links":{"self":[{"href":"https:\/\/kaunis-talo.fi\/en\/wp-json\/wp\/v2\/pages\/25","targetHints":{"allow":["GET"]}}],"collection":[{"href":"https:\/\/kaunis-talo.fi\/en\/wp-json\/wp\/v2\/pages"}],"about":[{"href":"https:\/\/kaunis-talo.fi\/en\/wp-json\/wp\/v2\/types\/page"}],"author":[{"embeddable":true,"href":"https:\/\/kaunis-talo.fi\/en\/wp-json\/wp\/v2\/users\/3"}],"replies":[{"embeddable":true,"href":"https:\/\/kaunis-talo.fi\/en\/wp-json\/wp\/v2\/comments?post=25"}],"version-history":[{"count":244,"href":"https:\/\/kaunis-talo.fi\/en\/wp-json\/wp\/v2\/pages\/25\/revisions"}],"predecessor-version":[{"id":5038,"href":"https:\/\/kaunis-talo.fi\/en\/wp-json\/wp\/v2\/pages\/25\/revisions\/5038"}],"wp:attachment":[{"href":"https:\/\/kaunis-talo.fi\/en\/wp-json\/wp\/v2\/media?parent=25"}],"curies":[{"name":"wp","href":"https:\/\/api.w.org\/{rel}","templated":true}]}}