{"id":21,"date":"2023-09-24T05:49:31","date_gmt":"2023-09-24T05:49:31","guid":{"rendered":"https:\/\/themeholy.com\/wordpress\/artraz\/?page_id=21"},"modified":"2025-11-06T22:19:34","modified_gmt":"2025-11-06T20:19:34","slug":"gallery","status":"publish","type":"page","link":"https:\/\/kaunis-talo.fi\/en\/gallery\/","title":{"rendered":"Gallery"},"content":{"rendered":"<div data-elementor-type=\"wp-page\" data-elementor-id=\"21\" class=\"elementor elementor-21\">\n\t\t\t\t<div class=\"elementor-element elementor-element-dd3331b e-flex e-con-boxed e-con e-parent\" data-id=\"dd3331b\" data-element_type=\"container\" data-settings=\"{&quot;background_background&quot;:&quot;classic&quot;}\">\n\t\t\t\t\t<div class=\"e-con-inner\">\n\t\t\t\t<div class=\"elementor-element elementor-element-9fbedef elementor-widget elementor-widget-heading\" data-id=\"9fbedef\" data-element_type=\"widget\" data-widget_type=\"heading.default\">\n\t\t\t\t<div class=\"elementor-widget-container\">\n\t\t\t<h6 class=\"elementor-heading-title elementor-size-default\">We believe that our patina designs can add a special touch to your projects.<\/h6>\t\t<\/div>\n\t\t\t\t<\/div>\n\t\t\t\t<div class=\"elementor-element elementor-element-90f16ed elementor-widget-divider--view-line elementor-widget elementor-widget-divider\" data-id=\"90f16ed\" data-element_type=\"widget\" data-widget_type=\"divider.default\">\n\t\t\t\t<div class=\"elementor-widget-container\">\n\t\t\t\t\t<div class=\"elementor-divider\">\n\t\t\t<span class=\"elementor-divider-separator\">\n\t\t\t\t\t\t<\/span>\n\t\t<\/div>\n\t\t\t\t<\/div>\n\t\t\t\t<\/div>\n\t\t\t\t<div class=\"elementor-element elementor-element-6304b9d elementor-widget elementor-widget-heading\" data-id=\"6304b9d\" data-element_type=\"widget\" data-widget_type=\"heading.default\">\n\t\t\t\t<div class=\"elementor-widget-container\">\n\t\t\t<h2 class=\"elementor-heading-title elementor-size-default\">Recently done<\/h2>\t\t<\/div>\n\t\t\t\t<\/div>\n\t\t\t\t\t<\/div>\n\t\t\t\t<\/div>\n\t\t<div class=\"elementor-element elementor-element-6ff68c7 e-flex e-con-boxed e-con e-parent\" data-id=\"6ff68c7\" data-element_type=\"container\" data-settings=\"{&quot;background_background&quot;:&quot;classic&quot;}\">\n\t\t\t\t\t<div class=\"e-con-inner\">\n\t\t\t\t<div class=\"elementor-element elementor-element-efaa21c elementor-widget elementor-widget-artrazgallery\" data-id=\"efaa21c\" data-element_type=\"widget\" data-widget_type=\"artrazgallery.default\">\n\t\t\t\t<div class=\"elementor-widget-container\">\n\t\t\t\t\t             <div class=\"row gy-30\">\n                                <div class=\"col-xl-4 col-md-6\">\n                    <div class=\"gallery-box\">\n                        <div class=\"project-img\">\n                            <img decoding=\"async\" src=\"https:\/\/kaunis-talo.fi\/wp-content\/uploads\/2025\/11\/m1.jpg\" alt=\"m1\"  \/>                        <\/div>\n                        <div class=\"gallery-content\">\n                                                        <h3 class=\"h5 project-title\"><a href=\"https:\/\/kaunis-talo.fi\/en\/project-details\/\">Patina Art on the wall of the apartment<\/a><\/h3>\n                            <p class=\"project-map\"><i class=\"fal fa-location-dot\"><\/i>Finland,   Vantaa<\/p>\n                        <\/div>\n                    <\/div>\n                <\/div>\n                                <div class=\"col-xl-4 col-md-6\">\n                    <div class=\"gallery-box\">\n                        <div class=\"project-img\">\n                            <img decoding=\"async\" src=\"https:\/\/kaunis-talo.fi\/wp-content\/uploads\/2025\/06\/calligraphy.jpg\" alt=\"calligraphy\"  \/>                        <\/div>\n                        <div class=\"gallery-content\">\n                                                        <h3 class=\"h5 project-title\"><a href=\"https:\/\/kaunis-talo.fi\/en\/project-details\/\">Patina Taidetta ravintolan sein\u00e4ll\u00e4<\/a><\/h3>\n                            <p class=\"project-map\"><i class=\"fal fa-location-dot\"><\/i>Finland,   Helsinki<\/p>\n                        <\/div>\n                    <\/div>\n                <\/div>\n                                <div class=\"col-xl-4 col-md-6\">\n                    <div class=\"gallery-box\">\n                        <div class=\"project-img\">\n                            <img decoding=\"async\" src=\"https:\/\/kaunis-talo.fi\/wp-content\/uploads\/2025\/06\/sama.jpg\" alt=\"sama\"  \/>                        <\/div>\n                        <div class=\"gallery-content\">\n                                                        <h3 class=\"h5 project-title\"><a href=\"https:\/\/kaunis-talo.fi\/en\/project-details\/\">Patina Taidetta ravintolan sein\u00e4ll\u00e4<\/a><\/h3>\n                            <p class=\"project-map\"><i class=\"fal fa-location-dot\"><\/i>Finland,   Helsinki<\/p>\n                        <\/div>\n                    <\/div>\n                <\/div>\n                                <div class=\"col-xl-4 col-md-6\">\n                    <div class=\"gallery-box\">\n                        <div class=\"project-img\">\n                            <img decoding=\"async\" src=\"https:\/\/kaunis-talo.fi\/wp-content\/uploads\/2025\/06\/temp.jpg\" alt=\"temp\"  \/>                        <\/div>\n                        <div class=\"gallery-content\">\n                                                        <h3 class=\"h5 project-title\"><a href=\"https:\/\/kaunis-talo.fi\/en\/project-details\/\">Patina Taidetta ravintolan sein\u00e4ll\u00e4<\/a><\/h3>\n                            <p class=\"project-map\"><i class=\"fal fa-location-dot\"><\/i>Finland,   Helsinki<\/p>\n                        <\/div>\n                    <\/div>\n                <\/div>\n                                <div class=\"col-xl-4 col-md-6\">\n                    <div class=\"gallery-box\">\n                        <div class=\"project-img\">\n                            <img decoding=\"async\" src=\"https:\/\/kaunis-talo.fi\/wp-content\/uploads\/2025\/06\/faravahar.jpg\" alt=\"faravahar\"  \/>                        <\/div>\n                        <div class=\"gallery-content\">\n                                                        <h3 class=\"h5 project-title\"><a href=\"https:\/\/kaunis-talo.fi\/en\/project-details\/\">Patina Taidetta ravintolan sein\u00e4ll\u00e4<\/a><\/h3>\n                            <p class=\"project-map\"><i class=\"fal fa-location-dot\"><\/i>Finland,   Helsinki<\/p>\n                        <\/div>\n                    <\/div>\n                <\/div>\n                                <div class=\"col-xl-4 col-md-6\">\n                    <div class=\"gallery-box\">\n                        <div class=\"project-img\">\n                            <img decoding=\"async\" src=\"https:\/\/kaunis-talo.fi\/wp-content\/uploads\/2024\/10\/2.jpg\" alt=\"2\"  \/>                        <\/div>\n                        <div class=\"gallery-content\">\n                                                        <h3 class=\"h5 project-title\"><a href=\"https:\/\/kaunis-talo.fi\/en\/project-details\/\">Patina Art on the wall of the apartment<\/a><\/h3>\n                            <p class=\"project-map\"><i class=\"fal fa-location-dot\"><\/i>Finland, Helsinki<\/p>\n                        <\/div>\n                    <\/div>\n                <\/div>\n                                <div class=\"col-xl-4 col-md-6\">\n                    <div class=\"gallery-box\">\n                        <div class=\"project-img\">\n                            <img decoding=\"async\" src=\"https:\/\/kaunis-talo.fi\/wp-content\/uploads\/2024\/10\/1.jpg\" alt=\"1\"  \/>                        <\/div>\n                        <div class=\"gallery-content\">\n                                                        <h3 class=\"h5 project-title\"><a href=\"https:\/\/kaunis-talo.fi\/en\/project-details\/\">Patina Art on the wall of the apartment<\/a><\/h3>\n                            <p class=\"project-map\"><i class=\"fal fa-location-dot\"><\/i>Finland, Vantaa<\/p>\n                        <\/div>\n                    <\/div>\n                <\/div>\n                                <div class=\"col-xl-4 col-md-6\">\n                    <div class=\"gallery-box\">\n                        <div class=\"project-img\">\n                            <img decoding=\"async\" src=\"https:\/\/kaunis-talo.fi\/wp-content\/uploads\/2024\/11\/5.jpg\" alt=\"5\"  \/>                        <\/div>\n                        <div class=\"gallery-content\">\n                                                        <h3 class=\"h5 project-title\"><a href=\"https:\/\/kaunis-talo.fi\/en\/project-details\/\">Patina Art on the wall of the apartment<\/a><\/h3>\n                            <p class=\"project-map\"><i class=\"fal fa-location-dot\"><\/i>Finland, Espoo<\/p>\n                        <\/div>\n                    <\/div>\n                <\/div>\n                            <\/div>\n\n    \t\t\t<\/div>\n\t\t\t\t<\/div>\n\t\t\t\t<div class=\"elementor-element elementor-element-1ec71d2 elementor-widget elementor-widget-heading\" data-id=\"1ec71d2\" data-element_type=\"widget\" data-widget_type=\"heading.default\">\n\t\t\t\t<div class=\"elementor-widget-container\">\n\t\t\t<h2 class=\"elementor-heading-title elementor-size-default\">Previous projects<\/h2>\t\t<\/div>\n\t\t\t\t<\/div>\n\t\t\t\t\t<\/div>\n\t\t\t\t<\/div>\n\t\t<div class=\"elementor-element elementor-element-451bbe8 e-flex e-con-boxed e-con e-parent\" data-id=\"451bbe8\" data-element_type=\"container\" data-settings=\"{&quot;background_background&quot;:&quot;classic&quot;}\">\n\t\t\t\t\t<div class=\"e-con-inner\">\n\t\t\t\t<div class=\"elementor-element elementor-element-c83c08e elementor-widget elementor-widget-artrazgallery\" data-id=\"c83c08e\" data-element_type=\"widget\" data-widget_type=\"artrazgallery.default\">\n\t\t\t\t<div class=\"elementor-widget-container\">\n\t\t\t\t\t             <div class=\"row gy-30\">\n                                <div class=\"col-xl-4 col-md-6\">\n                    <div class=\"gallery-box\">\n                        <div class=\"project-img\">\n                            <img decoding=\"async\" src=\"https:\/\/kaunis-talo.fi\/wp-content\/uploads\/2024\/11\/3.jpg\" alt=\"3\"  \/>                        <\/div>\n                        <div class=\"gallery-content\">\n                                                        <h3 class=\"h5 project-title\"><a href=\"https:\/\/kaunis-talo.fi\/en\/project-details\/\">Patina Art on the wall of the apartment<\/a><\/h3>\n                            <p class=\"project-map\"><i class=\"fal fa-location-dot\"><\/i>Finland, Vantaa<\/p>\n                        <\/div>\n                    <\/div>\n                <\/div>\n                                <div class=\"col-xl-4 col-md-6\">\n                    <div class=\"gallery-box\">\n                        <div class=\"project-img\">\n                            <img decoding=\"async\" src=\"https:\/\/kaunis-talo.fi\/wp-content\/uploads\/2025\/06\/iran-2.jpg\" alt=\"iran 2\"  \/>                        <\/div>\n                        <div class=\"gallery-content\">\n                                                        <h3 class=\"h5 project-title\"><a href=\"https:\/\/kaunis-talo.fi\/en\/project-details\/\">Patina Taidetta hotellin sein\u00e4ll\u00e4<\/a><\/h3>\n                            <p class=\"project-map\"><i class=\"fal fa-location-dot\"><\/i>Iran, Mashhad<\/p>\n                        <\/div>\n                    <\/div>\n                <\/div>\n                                <div class=\"col-xl-4 col-md-6\">\n                    <div class=\"gallery-box\">\n                        <div class=\"project-img\">\n                            <img decoding=\"async\" src=\"https:\/\/kaunis-talo.fi\/wp-content\/uploads\/2025\/06\/iran-1.jpg\" alt=\"iran 1\"  \/>                        <\/div>\n                        <div class=\"gallery-content\">\n                                                        <h3 class=\"h5 project-title\"><a href=\"https:\/\/kaunis-talo.fi\/en\/project-details\/\">Patina Taidetta hotellin sein\u00e4ll\u00e4<\/a><\/h3>\n                            <p class=\"project-map\"><i class=\"fal fa-location-dot\"><\/i>Iran, Mashhad<\/p>\n                        <\/div>\n                    <\/div>\n                <\/div>\n                                <div class=\"col-xl-4 col-md-6\">\n                    <div class=\"gallery-box\">\n                        <div class=\"project-img\">\n                            <img decoding=\"async\" src=\"https:\/\/kaunis-talo.fi\/wp-content\/uploads\/2025\/06\/iran-3.jpg\" alt=\"iran 3\"  \/>                        <\/div>\n                        <div class=\"gallery-content\">\n                                                        <h3 class=\"h5 project-title\"><a href=\"https:\/\/kaunis-talo.fi\/en\/project-details\/\">Patina Taidetta hotellin sein\u00e4ll\u00e4<\/a><\/h3>\n                            <p class=\"project-map\"><i class=\"fal fa-location-dot\"><\/i>Iran, Mashhad<\/p>\n                        <\/div>\n                    <\/div>\n                <\/div>\n                            <\/div>\n\n    \t\t\t<\/div>\n\t\t\t\t<\/div>\n\t\t\t\t\t<\/div>\n\t\t\t\t<\/div>\n\t\t<div class=\"elementor-element elementor-element-0a0c646 e-flex e-con-boxed e-con e-parent\" data-id=\"0a0c646\" data-element_type=\"container\" data-settings=\"{&quot;background_background&quot;:&quot;classic&quot;}\">\n\t\t\t\t\t<div class=\"e-con-inner\">\n\t\t\t\t<div class=\"elementor-element elementor-element-c98c1b5 elementor-widget elementor-widget-text-editor\" data-id=\"c98c1b5\" data-element_type=\"widget\" data-widget_type=\"text-editor.default\">\n\t\t\t\t<div class=\"elementor-widget-container\">\n\t\t\t\t\t\t\t<p><span style=\"vertical-align: inherit;\"><span style=\"vertical-align: inherit;\"><span style=\"vertical-align: inherit;\"><span style=\"vertical-align: inherit;\"><span style=\"vertical-align: inherit;\"><span style=\"vertical-align: inherit;\">Lorem ipsum dolor sit amet, consectetur adipiscing elit. Ut Elit tellus, luctus nec ullamcorper mattis, pulvinar dapibus leo.<\/span><\/span><\/span><\/span><\/span><\/span><\/p>\t\t\t\t\t\t<\/div>\n\t\t\t\t<\/div>\n\t\t\t\t\t<\/div>\n\t\t\t\t<\/div>\n\t\t\t\t<\/div>","protected":false},"excerpt":{"rendered":"<p>Uskomme, ett\u00e4 patinointisuunnittelumme voi lis\u00e4t\u00e4 erityisen kosketuksen projekteihisi. \u00c4skett\u00e4in Patina Taidetta asunnon sein\u00e4ll\u00e4 Finland, Vantaa Patina Taidetta ravintolan sein\u00e4ll\u00e4 Finland, Helsinki Patina Taidetta ravintolan sein\u00e4ll\u00e4 Finland, Helsinki Patina Taidetta ravintolan sein\u00e4ll\u00e4 Finland, Helsinki Patina Taidetta ravintolan sein\u00e4ll\u00e4 Finland, Helsinki Patina Taidetta asunnon sein\u00e4ll\u00e4 Finland, Helsinki Patina Taidetta asunnon sein\u00e4ll\u00e4 Finland, Vantaa Patina Taidetta asunnon sein\u00e4ll\u00e4&#8230;<\/p>","protected":false},"author":3,"featured_media":0,"parent":0,"menu_order":0,"comment_status":"closed","ping_status":"closed","template":"template-builder.php","meta":{"footnotes":""},"class_list":["post-21","page","type-page","status-publish","hentry"],"_links":{"self":[{"href":"https:\/\/kaunis-talo.fi\/en\/wp-json\/wp\/v2\/pages\/21","targetHints":{"allow":["GET"]}}],"collection":[{"href":"https:\/\/kaunis-talo.fi\/en\/wp-json\/wp\/v2\/pages"}],"about":[{"href":"https:\/\/kaunis-talo.fi\/en\/wp-json\/wp\/v2\/types\/page"}],"author":[{"embeddable":true,"href":"https:\/\/kaunis-talo.fi\/en\/wp-json\/wp\/v2\/users\/3"}],"replies":[{"embeddable":true,"href":"https:\/\/kaunis-talo.fi\/en\/wp-json\/wp\/v2\/comments?post=21"}],"version-history":[{"count":125,"href":"https:\/\/kaunis-talo.fi\/en\/wp-json\/wp\/v2\/pages\/21\/revisions"}],"predecessor-version":[{"id":5076,"href":"https:\/\/kaunis-talo.fi\/en\/wp-json\/wp\/v2\/pages\/21\/revisions\/5076"}],"wp:attachment":[{"href":"https:\/\/kaunis-talo.fi\/en\/wp-json\/wp\/v2\/media?parent=21"}],"curies":[{"name":"wp","href":"https:\/\/api.w.org\/{rel}","templated":true}]}}