{"id":18,"date":"2023-09-24T05:48:48","date_gmt":"2023-09-24T05:48:48","guid":{"rendered":"https:\/\/themeholy.com\/wordpress\/artraz\/?page_id=18"},"modified":"2025-08-04T18:19:11","modified_gmt":"2025-08-04T15:19:11","slug":"about","status":"publish","type":"page","link":"https:\/\/kaunis-talo.fi\/en\/about\/","title":{"rendered":"About us"},"content":{"rendered":"<div data-elementor-type=\"wp-page\" data-elementor-id=\"18\" class=\"elementor elementor-18\">\n\t\t\t\t<div class=\"elementor-element elementor-element-d81d899 e-con-full e-flex e-con e-parent\" data-id=\"d81d899\" data-element_type=\"container\" data-settings=\"{&quot;background_background&quot;:&quot;classic&quot;}\">\n\t\t\t\t<div class=\"elementor-element elementor-element-285027f elementor-widget elementor-widget-artrazshapeimage\" data-id=\"285027f\" data-element_type=\"widget\" data-widget_type=\"artrazshapeimage.default\">\n\t\t\t\t<div class=\"elementor-widget-container\">\n\t\t\t<!-- Image --><div class=\"shape-mockup  jump\" data-top=\"0.1%\" data-right=\"0.1%\"><img decoding=\"async\" src=\"https:\/\/kaunis-talo.fi\/wp-content\/uploads\/2023\/09\/shape_3.png\" alt=\"Kaunis talo\" ><\/div><!-- End Image -->\t\t<\/div>\n\t\t\t\t<\/div>\n\t\t<div class=\"elementor-element elementor-element-57a31d4 e-flex e-con-boxed e-con e-child\" data-id=\"57a31d4\" data-element_type=\"container\">\n\t\t\t\t\t<div class=\"e-con-inner\">\n\t\t<div class=\"elementor-element elementor-element-c976db6 e-con-full animated-slow e-flex elementor-invisible e-con e-child\" data-id=\"c976db6\" data-element_type=\"container\" data-settings=\"{&quot;animation&quot;:&quot;slideInUp&quot;,&quot;animation_delay&quot;:0}\">\n\t\t\t\t<div class=\"elementor-element elementor-element-447299b elementor-widget elementor-widget-artrazimage\" data-id=\"447299b\" data-element_type=\"widget\" data-widget_type=\"artrazimage.default\">\n\t\t\t\t<div class=\"elementor-widget-container\">\n\t\t\t\n\t\t\t\t\t<div class=\"img-box3\">\n\t\t\t\t<div class=\"img1\">\n\t\t\t\t\t<img decoding=\"async\" src=\"https:\/\/kaunis-talo.fi\/wp-content\/uploads\/2024\/10\/main-banner.jpg\" alt=\"main banner\"  \/>\t\t\t\t<\/div>\n\t\t\t\t<div class=\"img2\">\n\t\t\t\t\t<img decoding=\"async\" src=\"\" alt=\"\"  \/>\t\t\t\t<\/div>\n\t\t\t<\/div>\n\t\t\t\t<\/div>\n\t\t\t\t<\/div>\n\t\t\t\t<\/div>\n\t\t<div class=\"elementor-element elementor-element-24eccb5 e-con-full animated-slow e-flex elementor-invisible e-con e-child\" data-id=\"24eccb5\" data-element_type=\"container\" data-settings=\"{&quot;animation&quot;:&quot;slideInUp&quot;,&quot;animation_delay&quot;:0}\">\n\t\t\t\t<div class=\"elementor-element elementor-element-8713401 elementor-widget elementor-widget-artrazsectiontitle\" data-id=\"8713401\" data-element_type=\"widget\" data-widget_type=\"artrazsectiontitle.default\">\n\t\t\t\t<div class=\"elementor-widget-container\">\n\t\t\t\t\t<div class=\"sec-title-area\">\n\n\t\t\t<h2 class=\"sec-title\">About us<span class=\"text-theme\"><\/span><\/h2>\t\t<\/div>\n\n\t\t\t<\/div>\n\t\t\t\t<\/div>\n\t\t\t\t<div class=\"elementor-element elementor-element-f01b948 elementor-widget elementor-widget-text-editor\" data-id=\"f01b948\" data-element_type=\"widget\" data-widget_type=\"text-editor.default\">\n\t\t\t\t<div class=\"elementor-widget-container\">\n\t\t\t\t\t\t\t<p><strong>We specialize in the design and implementation of decorative walls, as well as modern and textured patina work, leveraging our experience and creativity.<\/strong><\/p><p>Our expertise lies in the decorative finishing of interiors, such as homes, offices, and hotels, through painting and patination. These techniques allow us to transform walls and surfaces into personalized, unique elements, creating a pleasant and recognizable atmosphere. We use high-quality materials and innovative design solutions to ensure a beautiful and durable result. One of our strengths is flexible project management and fast, on-time execution, supported by our extensive experience.<\/p><p>We offer our services on a turnkey basis, meaning we support the client from start to finish in all interior work achievable through painting and patination techniques. This ensures the project progresses smoothly, and the result fully meets the client\u2019s expectations. By trusting us, you can enjoy a beautiful and comfortable space without worry.<\/p>\t\t\t\t\t\t<\/div>\n\t\t\t\t<\/div>\n\t\t\t\t<\/div>\n\t\t\t\t\t<\/div>\n\t\t\t\t<\/div>\n\t\t\t\t<\/div>\n\t\t\t\t<\/div>","protected":false},"excerpt":{"rendered":"<p>meist\u00e4 Olemme erikoistuneet koristeellisten seinien suunnitteluun ja toteutukseen sek\u00e4 moderniin ja kohokuvioituun patinointiin, hy\u00f6dynt\u00e4en kokemustamme ja luovuuttamme. Erityisosaamistamme on sis\u00e4tilojen, kuten kotien, toimistojen ja hotellien, koristeellinen viimeistely maalaamalla ja patinoimalla. N\u00e4ill\u00e4 tekniikoilla voimme muokata seini\u00e4 ja pintoja persoonallisiksi ja ainutlaatuisiksi, luoden tilaan miellytt\u00e4v\u00e4n ja tunnistettavan ilmapiirin. K\u00e4yt\u00e4mme korkealaatuisia materiaaleja ja innovatiivisia suunnitteluratkaisuja, jotta lopputulos on&#8230;<\/p>","protected":false},"author":3,"featured_media":0,"parent":0,"menu_order":0,"comment_status":"closed","ping_status":"closed","template":"template-builder.php","meta":{"footnotes":""},"class_list":["post-18","page","type-page","status-publish","hentry"],"_links":{"self":[{"href":"https:\/\/kaunis-talo.fi\/en\/wp-json\/wp\/v2\/pages\/18","targetHints":{"allow":["GET"]}}],"collection":[{"href":"https:\/\/kaunis-talo.fi\/en\/wp-json\/wp\/v2\/pages"}],"about":[{"href":"https:\/\/kaunis-talo.fi\/en\/wp-json\/wp\/v2\/types\/page"}],"author":[{"embeddable":true,"href":"https:\/\/kaunis-talo.fi\/en\/wp-json\/wp\/v2\/users\/3"}],"replies":[{"embeddable":true,"href":"https:\/\/kaunis-talo.fi\/en\/wp-json\/wp\/v2\/comments?post=18"}],"version-history":[{"count":47,"href":"https:\/\/kaunis-talo.fi\/en\/wp-json\/wp\/v2\/pages\/18\/revisions"}],"predecessor-version":[{"id":5044,"href":"https:\/\/kaunis-talo.fi\/en\/wp-json\/wp\/v2\/pages\/18\/revisions\/5044"}],"wp:attachment":[{"href":"https:\/\/kaunis-talo.fi\/en\/wp-json\/wp\/v2\/media?parent=18"}],"curies":[{"name":"wp","href":"https:\/\/api.w.org\/{rel}","templated":true}]}}